{"id":741,"date":"2020-05-24T15:20:27","date_gmt":"2020-05-24T14:20:27","guid":{"rendered":"http:\/\/bequeen.hu\/?page_id=741"},"modified":"2021-01-19T12:38:55","modified_gmt":"2021-01-19T11:38:55","slug":"menyasszonyi-probasmink","status":"publish","type":"page","link":"https:\/\/bequeen.hu\/en\/menyasszonyi-probasmink\/","title":{"rendered":"Bridal trial makeup"},"content":{"rendered":"<p class=\"has-text-color\" style=\"color:#8e0e99;font-size:18px\">Bridal  trial makeup at Be Queen Makeup<\/p>\n\n\n\n<p class=\"has-text-color\" style=\"color:#8e0e99;font-size:18px\">My bridal trial makeup is usually done 1-2 months before the wedding, but of course it can be done earlier depending on your needs. If you have the opportunity, it is a good idea to coordinate it with your hairstylist so you can see both together.<br>It is important to have the wedding dress, the secondary dress, jewellery, other accessories (such as hair accessories) and the colors of the bouquet, as I take all these into account when I do the makeup. So please bring a photo of these with you to the trial if you can.<br>If possible I prefer doing the trial makeup in natural daylight.<br>It's about a 2-hour process, during which we first talk through your ideas, I ask you a few questions to find out what you are passionate about, what type of makeup you want to wear.<br>I will then establish your color type using color kerchiefs. It is important to note that this is not a full color analysis, I will only determine whether you are a cool or warm color type and suggest makeup colors accordingly.<br>Then the makeup begins. It is worth taking your time, as the trial gives you the opportunity to see several variations to choose from. The final say is always yours, as the most important thing is that you feel good in the makeup you choose for your big day! <img decoding=\"async\" alt=\"?\" src=\"https:\/\/static.xx.fbcdn.net\/images\/emoji.php\/v9\/ta5\/1.5\/16\/1f642.png\"><br>In my experience, people who wear minimal or no makeup on a daily basis may find it unusual to see themselves in full makeup at first. They mostly  choose a natural make-up type.<br>I will take a picture of your makeup or makeups so you can see how you will look in your wedding photos.<br>And on the big day, I will give you a little \"survival kit\" so you can touchup your makeup for example after dinner.<\/p>\n\n\n\n<p class=\"has-text-color\" style=\"color:#8e0e99;font-size:18px\">Book an appointment on the <a rel=\"noreferrer noopener\" href=\"https:\/\/bequeen.hu\/en\/?page_id=379\" target=\"_blank\">Request an offer<\/a> page or <a href=\"http:\/\/www.facebook.com\/bequeenmakeup\" target=\"_blank\" rel=\"noreferrer noopener\">on Facebook<\/a>!<\/p>\n\n\n\n<div class=\"wp-block-columns is-layout-flex wp-container-core-columns-is-layout-9d6595d7 wp-block-columns-is-layout-flex\">\n<div class=\"wp-block-column is-layout-flow wp-block-column-is-layout-flow\" style=\"flex-basis:100%\">\n<div class=\"wp-block-group\"><div class=\"wp-block-group__inner-container is-layout-flow wp-block-group-is-layout-flow\">\n<div class=\"wp-block-columns is-layout-flex wp-container-core-columns-is-layout-9d6595d7 wp-block-columns-is-layout-flex\">\n<div class=\"wp-block-column is-layout-flow wp-block-column-is-layout-flow\" style=\"flex-basis:100%\">\n<div class=\"wp-block-group\"><div class=\"wp-block-group__inner-container is-layout-flow wp-block-group-is-layout-flow\">\n<div class=\"wp-block-columns is-layout-flex wp-container-core-columns-is-layout-9d6595d7 wp-block-columns-is-layout-flex\">\n<div class=\"wp-block-column is-layout-flow wp-block-column-is-layout-flow\" style=\"flex-basis:100%\">\n<div class=\"wp-block-columns is-layout-flex wp-container-core-columns-is-layout-9d6595d7 wp-block-columns-is-layout-flex\">\n<div class=\"wp-block-column is-layout-flow wp-block-column-is-layout-flow\" style=\"flex-basis:100%\">\n<figure class=\"wp-block-gallery aligncenter columns-1 wp-block-gallery-1 is-layout-flex wp-block-gallery-is-layout-flex\"><ul class=\"blocks-gallery-grid\"><li class=\"blocks-gallery-item\"><figure><img loading=\"lazy\" decoding=\"async\" width=\"300\" height=\"300\" src=\"https:\/\/bequeen.hu\/wp-content\/uploads\/2021\/01\/DSC_6151_1x1-3-300x300.jpg\" alt=\"\" data-id=\"986\" data-link=\"https:\/\/bequeen.hu\/menyasszonyi-probasmink\/dsc_6151_1x1-3\/#main\" class=\"wp-image-986\" srcset=\"https:\/\/bequeen.hu\/wp-content\/uploads\/2021\/01\/DSC_6151_1x1-3-300x300.jpg 300w, https:\/\/bequeen.hu\/wp-content\/uploads\/2021\/01\/DSC_6151_1x1-3-1024x1024.jpg 1024w, https:\/\/bequeen.hu\/wp-content\/uploads\/2021\/01\/DSC_6151_1x1-3-150x150.jpg 150w, https:\/\/bequeen.hu\/wp-content\/uploads\/2021\/01\/DSC_6151_1x1-3-768x768.jpg 768w, https:\/\/bequeen.hu\/wp-content\/uploads\/2021\/01\/DSC_6151_1x1-3-1536x1536.jpg 1536w, https:\/\/bequeen.hu\/wp-content\/uploads\/2021\/01\/DSC_6151_1x1-3-2048x2048.jpg 2048w, https:\/\/bequeen.hu\/wp-content\/uploads\/2021\/01\/DSC_6151_1x1-3-1x1.jpg 1w\" sizes=\"auto, (max-width: 300px) 100vw, 300px\" \/><\/figure><\/li><li class=\"blocks-gallery-item\"><figure><img loading=\"lazy\" decoding=\"async\" width=\"300\" height=\"300\" src=\"https:\/\/bequeen.hu\/wp-content\/uploads\/2021\/01\/DSC_6153_1x1-3-300x300.jpg\" alt=\"\" data-id=\"988\" data-link=\"https:\/\/bequeen.hu\/menyasszonyi-probasmink\/dsc_6153_1x1-3\/#main\" class=\"wp-image-988\" srcset=\"https:\/\/bequeen.hu\/wp-content\/uploads\/2021\/01\/DSC_6153_1x1-3-300x300.jpg 300w, https:\/\/bequeen.hu\/wp-content\/uploads\/2021\/01\/DSC_6153_1x1-3-1024x1024.jpg 1024w, https:\/\/bequeen.hu\/wp-content\/uploads\/2021\/01\/DSC_6153_1x1-3-150x150.jpg 150w, https:\/\/bequeen.hu\/wp-content\/uploads\/2021\/01\/DSC_6153_1x1-3-768x768.jpg 768w, https:\/\/bequeen.hu\/wp-content\/uploads\/2021\/01\/DSC_6153_1x1-3-1536x1536.jpg 1536w, https:\/\/bequeen.hu\/wp-content\/uploads\/2021\/01\/DSC_6153_1x1-3-2048x2048.jpg 2048w, https:\/\/bequeen.hu\/wp-content\/uploads\/2021\/01\/DSC_6153_1x1-3-1x1.jpg 1w\" sizes=\"auto, (max-width: 300px) 100vw, 300px\" \/><\/figure><\/li><li class=\"blocks-gallery-item\"><figure><img loading=\"lazy\" decoding=\"async\" width=\"300\" height=\"200\" src=\"https:\/\/bequeen.hu\/wp-content\/uploads\/2021\/01\/DSC_0683-2-300x200.jpg\" alt=\"\" data-id=\"982\" data-link=\"https:\/\/bequeen.hu\/menyasszonyi-probasmink\/dsc_0683-2-2\/#main\" class=\"wp-image-982\" srcset=\"https:\/\/bequeen.hu\/wp-content\/uploads\/2021\/01\/DSC_0683-2-300x200.jpg 300w, https:\/\/bequeen.hu\/wp-content\/uploads\/2021\/01\/DSC_0683-2-1024x683.jpg 1024w, https:\/\/bequeen.hu\/wp-content\/uploads\/2021\/01\/DSC_0683-2-768x512.jpg 768w, https:\/\/bequeen.hu\/wp-content\/uploads\/2021\/01\/DSC_0683-2-1536x1024.jpg 1536w, https:\/\/bequeen.hu\/wp-content\/uploads\/2021\/01\/DSC_0683-2-2048x1365.jpg 2048w, https:\/\/bequeen.hu\/wp-content\/uploads\/2021\/01\/DSC_0683-2-2x1.jpg 2w\" sizes=\"auto, (max-width: 300px) 100vw, 300px\" \/><\/figure><\/li><li class=\"blocks-gallery-item\"><figure><img loading=\"lazy\" decoding=\"async\" width=\"200\" height=\"300\" src=\"https:\/\/bequeen.hu\/wp-content\/uploads\/2021\/01\/DSC_1431-2-200x300.jpg\" alt=\"\" data-id=\"984\" data-link=\"https:\/\/bequeen.hu\/menyasszonyi-probasmink\/dsc_1431-2-2\/#main\" class=\"wp-image-984\" srcset=\"https:\/\/bequeen.hu\/wp-content\/uploads\/2021\/01\/DSC_1431-2-200x300.jpg 200w, https:\/\/bequeen.hu\/wp-content\/uploads\/2021\/01\/DSC_1431-2-683x1024.jpg 683w, https:\/\/bequeen.hu\/wp-content\/uploads\/2021\/01\/DSC_1431-2-768x1152.jpg 768w, https:\/\/bequeen.hu\/wp-content\/uploads\/2021\/01\/DSC_1431-2-1024x1536.jpg 1024w, https:\/\/bequeen.hu\/wp-content\/uploads\/2021\/01\/DSC_1431-2-1365x2048.jpg 1365w, https:\/\/bequeen.hu\/wp-content\/uploads\/2021\/01\/DSC_1431-2-1x1.jpg 1w, https:\/\/bequeen.hu\/wp-content\/uploads\/2021\/01\/DSC_1431-2-scaled.jpg 1707w\" sizes=\"auto, (max-width: 200px) 100vw, 200px\" \/><\/figure><\/li><\/ul><\/figure>\n<\/div>\n<\/div>\n<\/div>\n<\/div>\n<\/div><\/div>\n<\/div>\n<\/div>\n<\/div><\/div>\n<\/div>\n<\/div>","protected":false},"excerpt":{"rendered":"<p>Menyasszonyi pr\u00f3basmink a Be Queen Makeup-n\u00e1l A menyasszonyi pr\u00f3basminket \u00e1ltal\u00e1ban 1-2 h\u00f3nappal az esk\u00fcv\u0151 el\u0151tt szoktam elk\u00e9sz\u00edteni, de term\u00e9szetesen a te ig\u00e9nyeidhez igazodva lehet enn\u00e9l kor\u00e1bban is. Ha van r\u00e1 lehet\u0151s\u00e9g, \u00e9rdemes \u00f6sszehangolni a pr\u00f3bafrizura id\u0151pontj\u00e1val, \u00edgy egy\u00fctt l\u00e1thatod mind a kett\u0151t.Ami fontos, hogy meglegyen a menyasszonyi ruha, ha lesz m\u00e1sodik ruha, akkor az is, [&hellip;]<\/p>\n","protected":false},"author":2,"featured_media":0,"parent":0,"menu_order":0,"comment_status":"closed","ping_status":"closed","template":"","meta":{"_monsterinsights_skip_tracking":false,"_monsterinsights_sitenote_active":false,"_monsterinsights_sitenote_note":"","_monsterinsights_sitenote_category":0,"ngg_post_thumbnail":0,"footnotes":""},"class_list":["post-741","page","type-page","status-publish","hentry"],"yoast_head":"<!-- This site is optimized with the Yoast SEO plugin v27.4 - https:\/\/yoast.com\/product\/yoast-seo-wordpress\/ -->\n<title>Menyasszonyi pr\u00f3basmink - Be Queen Makeup<\/title>\n<meta name=\"robots\" content=\"index, follow, max-snippet:-1, max-image-preview:large, max-video-preview:-1\" \/>\n<link rel=\"canonical\" href=\"https:\/\/bequeen.hu\/en\/menyasszonyi-probasmink\/\" \/>\n<meta property=\"og:locale\" content=\"en_US\" \/>\n<meta property=\"og:type\" content=\"article\" \/>\n<meta property=\"og:title\" content=\"Menyasszonyi pr\u00f3basmink - Be Queen Makeup\" \/>\n<meta property=\"og:description\" content=\"Menyasszonyi pr\u00f3basmink a Be Queen Makeup-n\u00e1l A menyasszonyi pr\u00f3basminket \u00e1ltal\u00e1ban 1-2 h\u00f3nappal az esk\u00fcv\u0151 el\u0151tt szoktam elk\u00e9sz\u00edteni, de term\u00e9szetesen a te ig\u00e9nyeidhez igazodva lehet enn\u00e9l kor\u00e1bban is. Ha van r\u00e1 lehet\u0151s\u00e9g, \u00e9rdemes \u00f6sszehangolni a pr\u00f3bafrizura id\u0151pontj\u00e1val, \u00edgy egy\u00fctt l\u00e1thatod mind a kett\u0151t.Ami fontos, hogy meglegyen a menyasszonyi ruha, ha lesz m\u00e1sodik ruha, akkor az is, [&hellip;]\" \/>\n<meta property=\"og:url\" content=\"https:\/\/bequeen.hu\/en\/menyasszonyi-probasmink\/\" \/>\n<meta property=\"og:site_name\" content=\"Be Queen Makeup\" \/>\n<meta property=\"article:modified_time\" content=\"2021-01-19T11:38:55+00:00\" \/>\n<meta property=\"og:image\" content=\"https:\/\/static.xx.fbcdn.net\/images\/emoji.php\/v9\/ta5\/1.5\/16\/1f642.png\" \/>\n<meta name=\"twitter:card\" content=\"summary_large_image\" \/>\n<meta name=\"twitter:label1\" content=\"Est. reading time\" \/>\n\t<meta name=\"twitter:data1\" content=\"3 minutes\" \/>\n<script type=\"application\/ld+json\" class=\"yoast-schema-graph\">{\"@context\":\"https:\\\/\\\/schema.org\",\"@graph\":[{\"@type\":\"WebPage\",\"@id\":\"https:\\\/\\\/bequeen.hu\\\/menyasszonyi-probasmink\\\/\",\"url\":\"https:\\\/\\\/bequeen.hu\\\/menyasszonyi-probasmink\\\/\",\"name\":\"Menyasszonyi pr\u00f3basmink - Be Queen Makeup\",\"isPartOf\":{\"@id\":\"https:\\\/\\\/bequeen.hu\\\/#website\"},\"primaryImageOfPage\":{\"@id\":\"https:\\\/\\\/bequeen.hu\\\/menyasszonyi-probasmink\\\/#primaryimage\"},\"image\":{\"@id\":\"https:\\\/\\\/bequeen.hu\\\/menyasszonyi-probasmink\\\/#primaryimage\"},\"thumbnailUrl\":\"https:\\\/\\\/static.xx.fbcdn.net\\\/images\\\/emoji.php\\\/v9\\\/ta5\\\/1.5\\\/16\\\/1f642.png\",\"datePublished\":\"2020-05-24T14:20:27+00:00\",\"dateModified\":\"2021-01-19T11:38:55+00:00\",\"breadcrumb\":{\"@id\":\"https:\\\/\\\/bequeen.hu\\\/menyasszonyi-probasmink\\\/#breadcrumb\"},\"inLanguage\":\"en-US\",\"potentialAction\":[{\"@type\":\"ReadAction\",\"target\":[\"https:\\\/\\\/bequeen.hu\\\/menyasszonyi-probasmink\\\/\"]}]},{\"@type\":\"ImageObject\",\"inLanguage\":\"en-US\",\"@id\":\"https:\\\/\\\/bequeen.hu\\\/menyasszonyi-probasmink\\\/#primaryimage\",\"url\":\"https:\\\/\\\/static.xx.fbcdn.net\\\/images\\\/emoji.php\\\/v9\\\/ta5\\\/1.5\\\/16\\\/1f642.png\",\"contentUrl\":\"https:\\\/\\\/static.xx.fbcdn.net\\\/images\\\/emoji.php\\\/v9\\\/ta5\\\/1.5\\\/16\\\/1f642.png\"},{\"@type\":\"BreadcrumbList\",\"@id\":\"https:\\\/\\\/bequeen.hu\\\/menyasszonyi-probasmink\\\/#breadcrumb\",\"itemListElement\":[{\"@type\":\"ListItem\",\"position\":1,\"name\":\"Home\",\"item\":\"https:\\\/\\\/bequeen.hu\\\/\"},{\"@type\":\"ListItem\",\"position\":2,\"name\":\"Menyasszonyi pr\u00f3basmink\"}]},{\"@type\":\"WebSite\",\"@id\":\"https:\\\/\\\/bequeen.hu\\\/#website\",\"url\":\"https:\\\/\\\/bequeen.hu\\\/\",\"name\":\"Be Queen Makeup\",\"description\":\"Sz\u00edntan\u00e1csad\u00e1s, menyasszonyi \u00e9s alkalmi sminkek\",\"potentialAction\":[{\"@type\":\"SearchAction\",\"target\":{\"@type\":\"EntryPoint\",\"urlTemplate\":\"https:\\\/\\\/bequeen.hu\\\/?s={search_term_string}\"},\"query-input\":{\"@type\":\"PropertyValueSpecification\",\"valueRequired\":true,\"valueName\":\"search_term_string\"}}],\"inLanguage\":\"en-US\"}]}<\/script>\n<!-- \/ Yoast SEO plugin. -->","yoast_head_json":{"title":"Menyasszonyi pr\u00f3basmink - Be Queen Makeup","robots":{"index":"index","follow":"follow","max-snippet":"max-snippet:-1","max-image-preview":"max-image-preview:large","max-video-preview":"max-video-preview:-1"},"canonical":"https:\/\/bequeen.hu\/en\/menyasszonyi-probasmink\/","og_locale":"en_US","og_type":"article","og_title":"Menyasszonyi pr\u00f3basmink - Be Queen Makeup","og_description":"Menyasszonyi pr\u00f3basmink a Be Queen Makeup-n\u00e1l A menyasszonyi pr\u00f3basminket \u00e1ltal\u00e1ban 1-2 h\u00f3nappal az esk\u00fcv\u0151 el\u0151tt szoktam elk\u00e9sz\u00edteni, de term\u00e9szetesen a te ig\u00e9nyeidhez igazodva lehet enn\u00e9l kor\u00e1bban is. Ha van r\u00e1 lehet\u0151s\u00e9g, \u00e9rdemes \u00f6sszehangolni a pr\u00f3bafrizura id\u0151pontj\u00e1val, \u00edgy egy\u00fctt l\u00e1thatod mind a kett\u0151t.Ami fontos, hogy meglegyen a menyasszonyi ruha, ha lesz m\u00e1sodik ruha, akkor az is, [&hellip;]","og_url":"https:\/\/bequeen.hu\/en\/menyasszonyi-probasmink\/","og_site_name":"Be Queen Makeup","article_modified_time":"2021-01-19T11:38:55+00:00","og_image":[{"url":"https:\/\/static.xx.fbcdn.net\/images\/emoji.php\/v9\/ta5\/1.5\/16\/1f642.png","type":"","width":"","height":""}],"twitter_card":"summary_large_image","twitter_misc":{"Est. reading time":"3 minutes"},"schema":{"@context":"https:\/\/schema.org","@graph":[{"@type":"WebPage","@id":"https:\/\/bequeen.hu\/menyasszonyi-probasmink\/","url":"https:\/\/bequeen.hu\/menyasszonyi-probasmink\/","name":"Menyasszonyi pr\u00f3basmink - Be Queen Makeup","isPartOf":{"@id":"https:\/\/bequeen.hu\/#website"},"primaryImageOfPage":{"@id":"https:\/\/bequeen.hu\/menyasszonyi-probasmink\/#primaryimage"},"image":{"@id":"https:\/\/bequeen.hu\/menyasszonyi-probasmink\/#primaryimage"},"thumbnailUrl":"https:\/\/static.xx.fbcdn.net\/images\/emoji.php\/v9\/ta5\/1.5\/16\/1f642.png","datePublished":"2020-05-24T14:20:27+00:00","dateModified":"2021-01-19T11:38:55+00:00","breadcrumb":{"@id":"https:\/\/bequeen.hu\/menyasszonyi-probasmink\/#breadcrumb"},"inLanguage":"en-US","potentialAction":[{"@type":"ReadAction","target":["https:\/\/bequeen.hu\/menyasszonyi-probasmink\/"]}]},{"@type":"ImageObject","inLanguage":"en-US","@id":"https:\/\/bequeen.hu\/menyasszonyi-probasmink\/#primaryimage","url":"https:\/\/static.xx.fbcdn.net\/images\/emoji.php\/v9\/ta5\/1.5\/16\/1f642.png","contentUrl":"https:\/\/static.xx.fbcdn.net\/images\/emoji.php\/v9\/ta5\/1.5\/16\/1f642.png"},{"@type":"BreadcrumbList","@id":"https:\/\/bequeen.hu\/menyasszonyi-probasmink\/#breadcrumb","itemListElement":[{"@type":"ListItem","position":1,"name":"Home","item":"https:\/\/bequeen.hu\/"},{"@type":"ListItem","position":2,"name":"Menyasszonyi pr\u00f3basmink"}]},{"@type":"WebSite","@id":"https:\/\/bequeen.hu\/#website","url":"https:\/\/bequeen.hu\/","name":"Be Queen Makeup","description":"Sz\u00edntan\u00e1csad\u00e1s, menyasszonyi \u00e9s alkalmi sminkek","potentialAction":[{"@type":"SearchAction","target":{"@type":"EntryPoint","urlTemplate":"https:\/\/bequeen.hu\/?s={search_term_string}"},"query-input":{"@type":"PropertyValueSpecification","valueRequired":true,"valueName":"search_term_string"}}],"inLanguage":"en-US"}]}},"_links":{"self":[{"href":"https:\/\/bequeen.hu\/en\/wp-json\/wp\/v2\/pages\/741","targetHints":{"allow":["GET"]}}],"collection":[{"href":"https:\/\/bequeen.hu\/en\/wp-json\/wp\/v2\/pages"}],"about":[{"href":"https:\/\/bequeen.hu\/en\/wp-json\/wp\/v2\/types\/page"}],"author":[{"embeddable":true,"href":"https:\/\/bequeen.hu\/en\/wp-json\/wp\/v2\/users\/2"}],"replies":[{"embeddable":true,"href":"https:\/\/bequeen.hu\/en\/wp-json\/wp\/v2\/comments?post=741"}],"version-history":[{"count":5,"href":"https:\/\/bequeen.hu\/en\/wp-json\/wp\/v2\/pages\/741\/revisions"}],"predecessor-version":[{"id":995,"href":"https:\/\/bequeen.hu\/en\/wp-json\/wp\/v2\/pages\/741\/revisions\/995"}],"wp:attachment":[{"href":"https:\/\/bequeen.hu\/en\/wp-json\/wp\/v2\/media?parent=741"}],"curies":[{"name":"wp","href":"https:\/\/api.w.org\/{rel}","templated":true}]}}