{"id":379,"date":"2020-03-01T08:12:05","date_gmt":"2020-03-01T07:12:05","guid":{"rendered":"http:\/\/bequeen.hu\/?page_id=379"},"modified":"2026-04-09T08:34:54","modified_gmt":"2026-04-09T07:34:54","slug":"lepj-kapcsolatba-velem","status":"publish","type":"page","link":"https:\/\/bequeen.hu\/en\/lepj-kapcsolatba-velem\/","title":{"rendered":"Request an offer"},"content":{"rendered":"\n<h4 class=\"wp-block-heading has-text-color\" style=\"color:#8e0e99\">K\u00e9rlek \u00edrd meg nekem, hogy melyik szolg\u00e1ltat\u00e1ssal kapcsolatban keresel (sz\u00edntan\u00e1csad\u00e1s, sz\u00edn-\u00e9s sminktan\u00e1csad\u00e1s, menyasszonyi smink, alkalmi smink, arcfest\u00e9s, csill\u00e1mtetov\u00e1l\u00e1s) \u00e9s a lehet\u0151 legr\u00f6videbb id\u0151n bel\u00fcl v\u00e1laszolok neked.<\/h4>\n\n\n<div class=\"wpforms-container wpforms-container-full wpforms-block wpforms-block-d78ead8c-6738-4164-95a1-1ccd83875d11\" id=\"wpforms-377\"><form id=\"wpforms-form-377\" class=\"wpforms-validate wpforms-form\" data-formid=\"377\" method=\"post\" enctype=\"multipart\/form-data\" action=\"\/en\/wp-json\/wp\/v2\/pages\/379\" data-token=\"d407c3ad85f47f98f7fd1ffc472ac513\" data-token-time=\"1777131599\"><noscript class=\"wpforms-error-noscript\">Please enable JavaScript in your browser to complete this form.<\/noscript><div class=\"wpforms-field-container\"><div id=\"wpforms-377-field_0-container\" class=\"wpforms-field wpforms-field-name\" data-field-id=\"0\"><label class=\"wpforms-field-label\" for=\"wpforms-377-field_0\">N\u00e9v <span class=\"wpforms-required-label\">*<\/span><\/label><input type=\"text\" id=\"wpforms-377-field_0\" class=\"wpforms-field-medium wpforms-field-required\" name=\"wpforms[fields][0]\" required><\/div><div id=\"wpforms-377-field_1-container\" class=\"wpforms-field wpforms-field-email\" data-field-id=\"1\"><label class=\"wpforms-field-label\" for=\"wpforms-377-field_1\">Email <span class=\"wpforms-required-label\">*<\/span><\/label><input type=\"email\" id=\"wpforms-377-field_1\" class=\"wpforms-field-medium wpforms-field-required\" data-rule-restricted-email=\"1\" name=\"wpforms[fields][1]\" spellcheck=\"false\" required><\/div><div id=\"wpforms-377-field_2-container\" class=\"wpforms-field wpforms-field-textarea\" data-field-id=\"2\"><label class=\"wpforms-field-label\" for=\"wpforms-377-field_2\">\u00dczenet <span class=\"wpforms-required-label\">*<\/span><\/label><textarea id=\"wpforms-377-field_2\" class=\"wpforms-field-large wpforms-field-required wpforms-limit-words-enabled\" data-form-id=\"377\" data-field-id=\"2\" data-text-limit=\"300\" name=\"wpforms[fields][2]\" required><\/textarea><\/div><div id=\"wpforms-377-field_11-container\" class=\"wpforms-field wpforms-field-checkbox\" data-field-id=\"11\"><label class=\"wpforms-field-label wpforms-label-hide\">Adatkezel\u00e9si t\u00e1j\u00e9koztat\u00f3 <span class=\"wpforms-required-label\">*<\/span><\/label><ul id=\"wpforms-377-field_11\" class=\"wpforms-field-required\"><li class=\"choice-1 depth-1\"><input type=\"checkbox\" id=\"wpforms-377-field_11_1\" name=\"wpforms[fields][11][]\" value=\"Elolvastam \u00e9s elfogadom az &lt;a href=&quot;https:\/\/bequeen.hu\/wp-content\/uploads\/2025\/01\/Be-Queen-Makeup-adatkezelesi-tajekoztato.pdf&quot;&gt;Adatkezel\u00e9si t\u00e1j\u00e9koztat\u00f3t&lt;\/a&gt;\" required ><label class=\"wpforms-field-label-inline\" for=\"wpforms-377-field_11_1\">Elolvastam \u00e9s elfogadom az <a href=\"https:\/\/bequeen.hu\/wp-content\/uploads\/2025\/01\/Be-Queen-Makeup-adatkezelesi-tajekoztato.pdf\">Adatkezel\u00e9si t\u00e1j\u00e9koztat\u00f3t<\/a><\/label><\/li><\/ul><\/div><\/div><!-- .wpforms-field-container --><div class=\"wpforms-field wpforms-field-hp\"><label for=\"wpforms-377-field-hp\" class=\"wpforms-field-label\">Comment<\/label><input type=\"text\" name=\"wpforms[hp]\" id=\"wpforms-377-field-hp\" class=\"wpforms-field-medium\"><\/div><div class=\"wpforms-recaptcha-container wpforms-is-recaptcha wpforms-is-recaptcha-type-invisible\" ><div class=\"g-recaptcha\" data-sitekey=\"6LfAC54qAAAAACn047MHAr_fu6dnIX3MxAy09rgZ\" data-size=\"invisible\"><\/div><\/div><div class=\"wpforms-submit-container\" ><input type=\"hidden\" name=\"wpforms[id]\" value=\"377\"><input type=\"hidden\" name=\"page_title\" value=\"\"><input type=\"hidden\" name=\"page_url\" value=\"https:\/\/bequeen.hu\/en\/wp-json\/wp\/v2\/pages\/379\"><input type=\"hidden\" name=\"url_referer\" value=\"\"><button type=\"submit\" name=\"wpforms[submit]\" id=\"wpforms-submit-377\" class=\"wpforms-submit\" data-alt-text=\"K\u00fcld\u00e9s...\" data-submit-text=\"Elk\u00fcld\" aria-live=\"assertive\" value=\"wpforms-submit\">Elk\u00fcld<\/button><\/div><\/form><\/div>  <!-- .wpforms-container -->","protected":false},"excerpt":{"rendered":"<p>K\u00e9rlek \u00edrd meg nekem, hogy melyik szolg\u00e1ltat\u00e1ssal kapcsolatban keresel (sz\u00edntan\u00e1csad\u00e1s, sz\u00edn-\u00e9s sminktan\u00e1csad\u00e1s, menyasszonyi smink, alkalmi smink, arcfest\u00e9s, csill\u00e1mtetov\u00e1l\u00e1s) \u00e9s a lehet\u0151 legr\u00f6videbb id\u0151n bel\u00fcl v\u00e1laszolok neked.<\/p>","protected":false},"author":2,"featured_media":0,"parent":0,"menu_order":0,"comment_status":"closed","ping_status":"closed","template":"","meta":{"_monsterinsights_skip_tracking":false,"_monsterinsights_sitenote_active":false,"_monsterinsights_sitenote_note":"","_monsterinsights_sitenote_category":0,"ngg_post_thumbnail":0,"footnotes":""},"class_list":["post-379","page","type-page","status-publish","hentry"],"yoast_head":"<!-- This site is optimized with the Yoast SEO plugin v27.4 - https:\/\/yoast.com\/product\/yoast-seo-wordpress\/ -->\n<title>K\u00e9rj aj\u00e1nlatot - Be Queen Makeup<\/title>\n<meta name=\"robots\" content=\"index, follow, max-snippet:-1, max-image-preview:large, max-video-preview:-1\" \/>\n<link rel=\"canonical\" href=\"https:\/\/bequeen.hu\/en\/lepj-kapcsolatba-velem\/\" \/>\n<meta property=\"og:locale\" content=\"en_US\" \/>\n<meta property=\"og:type\" content=\"article\" \/>\n<meta property=\"og:title\" content=\"K\u00e9rj aj\u00e1nlatot - Be Queen Makeup\" \/>\n<meta property=\"og:description\" content=\"K\u00e9rlek \u00edrd meg nekem, hogy melyik szolg\u00e1ltat\u00e1ssal kapcsolatban keresel (sz\u00edntan\u00e1csad\u00e1s, sz\u00edn-\u00e9s sminktan\u00e1csad\u00e1s, menyasszonyi smink, alkalmi smink, arcfest\u00e9s, csill\u00e1mtetov\u00e1l\u00e1s) \u00e9s a lehet\u0151 legr\u00f6videbb id\u0151n bel\u00fcl v\u00e1laszolok neked.\" \/>\n<meta property=\"og:url\" content=\"https:\/\/bequeen.hu\/en\/lepj-kapcsolatba-velem\/\" \/>\n<meta property=\"og:site_name\" content=\"Be Queen Makeup\" \/>\n<meta property=\"article:modified_time\" content=\"2026-04-09T07:34:54+00:00\" \/>\n<meta name=\"twitter:card\" content=\"summary_large_image\" \/>\n<meta name=\"twitter:label1\" content=\"Est. reading time\" \/>\n\t<meta name=\"twitter:data1\" content=\"1 minute\" \/>\n<script type=\"application\/ld+json\" class=\"yoast-schema-graph\">{\"@context\":\"https:\\\/\\\/schema.org\",\"@graph\":[{\"@type\":\"WebPage\",\"@id\":\"https:\\\/\\\/bequeen.hu\\\/lepj-kapcsolatba-velem\\\/\",\"url\":\"https:\\\/\\\/bequeen.hu\\\/lepj-kapcsolatba-velem\\\/\",\"name\":\"K\u00e9rj aj\u00e1nlatot - Be Queen Makeup\",\"isPartOf\":{\"@id\":\"https:\\\/\\\/bequeen.hu\\\/#website\"},\"datePublished\":\"2020-03-01T07:12:05+00:00\",\"dateModified\":\"2026-04-09T07:34:54+00:00\",\"breadcrumb\":{\"@id\":\"https:\\\/\\\/bequeen.hu\\\/lepj-kapcsolatba-velem\\\/#breadcrumb\"},\"inLanguage\":\"en-US\",\"potentialAction\":[{\"@type\":\"ReadAction\",\"target\":[\"https:\\\/\\\/bequeen.hu\\\/lepj-kapcsolatba-velem\\\/\"]}]},{\"@type\":\"BreadcrumbList\",\"@id\":\"https:\\\/\\\/bequeen.hu\\\/lepj-kapcsolatba-velem\\\/#breadcrumb\",\"itemListElement\":[{\"@type\":\"ListItem\",\"position\":1,\"name\":\"Home\",\"item\":\"https:\\\/\\\/bequeen.hu\\\/\"},{\"@type\":\"ListItem\",\"position\":2,\"name\":\"K\u00e9rj aj\u00e1nlatot\"}]},{\"@type\":\"WebSite\",\"@id\":\"https:\\\/\\\/bequeen.hu\\\/#website\",\"url\":\"https:\\\/\\\/bequeen.hu\\\/\",\"name\":\"Be Queen Makeup\",\"description\":\"Sz\u00edntan\u00e1csad\u00e1s, menyasszonyi \u00e9s alkalmi sminkek\",\"potentialAction\":[{\"@type\":\"SearchAction\",\"target\":{\"@type\":\"EntryPoint\",\"urlTemplate\":\"https:\\\/\\\/bequeen.hu\\\/?s={search_term_string}\"},\"query-input\":{\"@type\":\"PropertyValueSpecification\",\"valueRequired\":true,\"valueName\":\"search_term_string\"}}],\"inLanguage\":\"en-US\"}]}<\/script>\n<!-- \/ Yoast SEO plugin. -->","yoast_head_json":{"title":"K\u00e9rj aj\u00e1nlatot - Be Queen Makeup","robots":{"index":"index","follow":"follow","max-snippet":"max-snippet:-1","max-image-preview":"max-image-preview:large","max-video-preview":"max-video-preview:-1"},"canonical":"https:\/\/bequeen.hu\/en\/lepj-kapcsolatba-velem\/","og_locale":"en_US","og_type":"article","og_title":"K\u00e9rj aj\u00e1nlatot - Be Queen Makeup","og_description":"K\u00e9rlek \u00edrd meg nekem, hogy melyik szolg\u00e1ltat\u00e1ssal kapcsolatban keresel (sz\u00edntan\u00e1csad\u00e1s, sz\u00edn-\u00e9s sminktan\u00e1csad\u00e1s, menyasszonyi smink, alkalmi smink, arcfest\u00e9s, csill\u00e1mtetov\u00e1l\u00e1s) \u00e9s a lehet\u0151 legr\u00f6videbb id\u0151n bel\u00fcl v\u00e1laszolok neked.","og_url":"https:\/\/bequeen.hu\/en\/lepj-kapcsolatba-velem\/","og_site_name":"Be Queen Makeup","article_modified_time":"2026-04-09T07:34:54+00:00","twitter_card":"summary_large_image","twitter_misc":{"Est. reading time":"1 minute"},"schema":{"@context":"https:\/\/schema.org","@graph":[{"@type":"WebPage","@id":"https:\/\/bequeen.hu\/lepj-kapcsolatba-velem\/","url":"https:\/\/bequeen.hu\/lepj-kapcsolatba-velem\/","name":"K\u00e9rj aj\u00e1nlatot - Be Queen Makeup","isPartOf":{"@id":"https:\/\/bequeen.hu\/#website"},"datePublished":"2020-03-01T07:12:05+00:00","dateModified":"2026-04-09T07:34:54+00:00","breadcrumb":{"@id":"https:\/\/bequeen.hu\/lepj-kapcsolatba-velem\/#breadcrumb"},"inLanguage":"en-US","potentialAction":[{"@type":"ReadAction","target":["https:\/\/bequeen.hu\/lepj-kapcsolatba-velem\/"]}]},{"@type":"BreadcrumbList","@id":"https:\/\/bequeen.hu\/lepj-kapcsolatba-velem\/#breadcrumb","itemListElement":[{"@type":"ListItem","position":1,"name":"Home","item":"https:\/\/bequeen.hu\/"},{"@type":"ListItem","position":2,"name":"K\u00e9rj aj\u00e1nlatot"}]},{"@type":"WebSite","@id":"https:\/\/bequeen.hu\/#website","url":"https:\/\/bequeen.hu\/","name":"Be Queen Makeup","description":"Sz\u00edntan\u00e1csad\u00e1s, menyasszonyi \u00e9s alkalmi sminkek","potentialAction":[{"@type":"SearchAction","target":{"@type":"EntryPoint","urlTemplate":"https:\/\/bequeen.hu\/?s={search_term_string}"},"query-input":{"@type":"PropertyValueSpecification","valueRequired":true,"valueName":"search_term_string"}}],"inLanguage":"en-US"}]}},"_links":{"self":[{"href":"https:\/\/bequeen.hu\/en\/wp-json\/wp\/v2\/pages\/379","targetHints":{"allow":["GET"]}}],"collection":[{"href":"https:\/\/bequeen.hu\/en\/wp-json\/wp\/v2\/pages"}],"about":[{"href":"https:\/\/bequeen.hu\/en\/wp-json\/wp\/v2\/types\/page"}],"author":[{"embeddable":true,"href":"https:\/\/bequeen.hu\/en\/wp-json\/wp\/v2\/users\/2"}],"replies":[{"embeddable":true,"href":"https:\/\/bequeen.hu\/en\/wp-json\/wp\/v2\/comments?post=379"}],"version-history":[{"count":6,"href":"https:\/\/bequeen.hu\/en\/wp-json\/wp\/v2\/pages\/379\/revisions"}],"predecessor-version":[{"id":2052,"href":"https:\/\/bequeen.hu\/en\/wp-json\/wp\/v2\/pages\/379\/revisions\/2052"}],"wp:attachment":[{"href":"https:\/\/bequeen.hu\/en\/wp-json\/wp\/v2\/media?parent=379"}],"curies":[{"name":"wp","href":"https:\/\/api.w.org\/{rel}","templated":true}]}}