{"id":187,"date":"2020-02-23T18:49:50","date_gmt":"2020-02-23T17:49:50","guid":{"rendered":"http:\/\/bequeen.hu\/?page_id=187"},"modified":"2021-03-09T20:31:48","modified_gmt":"2021-03-09T19:31:48","slug":"munkaim-smin","status":"publish","type":"page","link":"https:\/\/bequeen.hu\/en\/munkaim-smin\/","title":{"rendered":"My Work"},"content":{"rendered":"<div class=\"wp-block-media-text alignwide is-stacked-on-mobile\" style=\"grid-template-columns:25% auto\"><figure class=\"wp-block-media-text__media\"><a href=\"https:\/\/bequeen.hu\/en\/menyasszonyi-smink\/\"><img loading=\"lazy\" decoding=\"async\" width=\"638\" height=\"960\" src=\"http:\/\/bequeen.hu\/wp-content\/uploads\/2020\/02\/53863016_380527929165511_4722238850288582656_o-1.jpg\" alt=\"\" class=\"wp-image-308 size-full\" srcset=\"https:\/\/bequeen.hu\/wp-content\/uploads\/2020\/02\/53863016_380527929165511_4722238850288582656_o-1.jpg 638w, https:\/\/bequeen.hu\/wp-content\/uploads\/2020\/02\/53863016_380527929165511_4722238850288582656_o-1-199x300.jpg 199w\" sizes=\"auto, (max-width: 638px) 100vw, 638px\" \/><\/a><\/figure><div class=\"wp-block-media-text__content\">\n<p class=\"has-text-color has-large-font-size\" style=\"color:#8e0e99\"><a href=\"https:\/\/bequeen.hu\/en\/menyasszonyi-smink\/\">Bridal makeup<\/a><\/p>\n<\/div><\/div>\n\n\n\n<div class=\"wp-block-media-text alignwide is-stacked-on-mobile\" style=\"grid-template-columns:25% auto\"><figure class=\"wp-block-media-text__media\"><a href=\"https:\/\/bequeen.hu\/en\/menyasszonyi-probasmink\/\"><img loading=\"lazy\" decoding=\"async\" width=\"640\" height=\"959\" src=\"http:\/\/bequeen.hu\/wp-content\/uploads\/2020\/02\/1-2.jpg\" alt=\"\" class=\"wp-image-265 size-full\" srcset=\"https:\/\/bequeen.hu\/wp-content\/uploads\/2020\/02\/1-2.jpg 640w, https:\/\/bequeen.hu\/wp-content\/uploads\/2020\/02\/1-2-200x300.jpg 200w\" sizes=\"auto, (max-width: 640px) 100vw, 640px\" \/><\/a><\/figure><div class=\"wp-block-media-text__content\">\n<p class=\"has-text-color has-large-font-size\" style=\"color:#8e0e99\"><a href=\"https:\/\/bequeen.hu\/en\/menyasszonyi-probasmink\/\">Bridal trial makeup<\/a><\/p>\n<\/div><\/div>\n\n\n\n<div class=\"wp-block-media-text alignwide is-stacked-on-mobile\" style=\"grid-template-columns:25% auto\"><figure class=\"wp-block-media-text__media\"><a href=\"https:\/\/bequeen.hu\/en\/alkalmi-smink\/\"><img loading=\"lazy\" decoding=\"async\" width=\"683\" height=\"1024\" src=\"http:\/\/bequeen.hu\/wp-content\/uploads\/2020\/02\/DSC_5049-1-683x1024.jpg\" alt=\"\" class=\"wp-image-338 size-full\" srcset=\"https:\/\/bequeen.hu\/wp-content\/uploads\/2020\/02\/DSC_5049-1-683x1024.jpg 683w, https:\/\/bequeen.hu\/wp-content\/uploads\/2020\/02\/DSC_5049-1-200x300.jpg 200w, https:\/\/bequeen.hu\/wp-content\/uploads\/2020\/02\/DSC_5049-1-768x1151.jpg 768w, https:\/\/bequeen.hu\/wp-content\/uploads\/2020\/02\/DSC_5049-1-1024x1536.jpg 1024w, https:\/\/bequeen.hu\/wp-content\/uploads\/2020\/02\/DSC_5049-1-1366x2048.jpg 1366w, https:\/\/bequeen.hu\/wp-content\/uploads\/2020\/02\/DSC_5049-1-1568x2351.jpg 1568w, https:\/\/bequeen.hu\/wp-content\/uploads\/2020\/02\/DSC_5049-1-scaled.jpg 1707w\" sizes=\"auto, (max-width: 683px) 100vw, 683px\" \/><\/a><\/figure><div class=\"wp-block-media-text__content\">\n<p class=\"has-text-color has-large-font-size\" style=\"color:#8e0e99\"><a href=\"https:\/\/bequeen.hu\/en\/alkalmi-smink\/\">Casual makeup<\/a><\/p>\n<\/div><\/div>\n\n\n\n<div class=\"wp-block-media-text alignwide is-stacked-on-mobile\" style=\"grid-template-columns:25% auto\"><figure class=\"wp-block-media-text__media\"><a href=\"https:\/\/bequeen.hu\/en\/werk\/\"><img loading=\"lazy\" decoding=\"async\" width=\"678\" height=\"1024\" src=\"http:\/\/bequeen.hu\/wp-content\/uploads\/2020\/02\/DSC_9660-678x1024.jpg\" alt=\"\" class=\"wp-image-293 size-full\" srcset=\"https:\/\/bequeen.hu\/wp-content\/uploads\/2020\/02\/DSC_9660-678x1024.jpg 678w, https:\/\/bequeen.hu\/wp-content\/uploads\/2020\/02\/DSC_9660-199x300.jpg 199w, https:\/\/bequeen.hu\/wp-content\/uploads\/2020\/02\/DSC_9660-768x1159.jpg 768w, https:\/\/bequeen.hu\/wp-content\/uploads\/2020\/02\/DSC_9660-1017x1536.jpg 1017w, https:\/\/bequeen.hu\/wp-content\/uploads\/2020\/02\/DSC_9660-1357x2048.jpg 1357w, https:\/\/bequeen.hu\/wp-content\/uploads\/2020\/02\/DSC_9660-1568x2367.jpg 1568w, https:\/\/bequeen.hu\/wp-content\/uploads\/2020\/02\/DSC_9660-scaled.jpg 1696w\" sizes=\"auto, (max-width: 678px) 100vw, 678px\" \/><\/a><\/figure><div class=\"wp-block-media-text__content\">\n<p class=\"has-text-color has-large-font-size\" style=\"color:#8e0e99\"><a href=\"https:\/\/bequeen.hu\/en\/werk\/\">Werk<\/a><\/p>\n<\/div><\/div>\n\n\n\n<div class=\"wp-block-media-text alignwide is-stacked-on-mobile\" style=\"grid-template-columns:25% auto\"><figure class=\"wp-block-media-text__media\"><a href=\"https:\/\/bequeen.hu\/en\/csillamtetovalas\/\"><img loading=\"lazy\" decoding=\"async\" width=\"678\" height=\"1024\" src=\"http:\/\/bequeen.hu\/wp-content\/uploads\/2020\/02\/DSC_7932-678x1024.jpg\" alt=\"\" class=\"wp-image-264 size-full\" srcset=\"https:\/\/bequeen.hu\/wp-content\/uploads\/2020\/02\/DSC_7932-678x1024.jpg 678w, https:\/\/bequeen.hu\/wp-content\/uploads\/2020\/02\/DSC_7932-199x300.jpg 199w, https:\/\/bequeen.hu\/wp-content\/uploads\/2020\/02\/DSC_7932-768x1160.jpg 768w, https:\/\/bequeen.hu\/wp-content\/uploads\/2020\/02\/DSC_7932-1017x1536.jpg 1017w, https:\/\/bequeen.hu\/wp-content\/uploads\/2020\/02\/DSC_7932-1356x2048.jpg 1356w, https:\/\/bequeen.hu\/wp-content\/uploads\/2020\/02\/DSC_7932-1568x2367.jpg 1568w, https:\/\/bequeen.hu\/wp-content\/uploads\/2020\/02\/DSC_7932-scaled.jpg 1696w\" sizes=\"auto, (max-width: 678px) 100vw, 678px\" \/><\/a><\/figure><div class=\"wp-block-media-text__content\">\n<p class=\"has-text-color has-large-font-size\" style=\"color:#8e0e99\"><a href=\"https:\/\/bequeen.hu\/en\/csillamtetovalas\/\">Glitter tattoo<\/a><\/p>\n<\/div><\/div>\n\n\n\n<div class=\"wp-block-media-text alignwide is-stacked-on-mobile\" style=\"grid-template-columns:25% auto\"><figure class=\"wp-block-media-text__media\"><a href=\"https:\/\/bequeen.hu\/en\/arcfestes\/\"><img loading=\"lazy\" decoding=\"async\" width=\"682\" height=\"1024\" src=\"http:\/\/bequeen.hu\/wp-content\/uploads\/2020\/02\/DSC_6269-682x1024.jpg\" alt=\"\" class=\"wp-image-139 size-full\" srcset=\"https:\/\/bequeen.hu\/wp-content\/uploads\/2020\/02\/DSC_6269-682x1024.jpg 682w, https:\/\/bequeen.hu\/wp-content\/uploads\/2020\/02\/DSC_6269-200x300.jpg 200w, https:\/\/bequeen.hu\/wp-content\/uploads\/2020\/02\/DSC_6269-768x1152.jpg 768w, https:\/\/bequeen.hu\/wp-content\/uploads\/2020\/02\/DSC_6269-1024x1536.jpg 1024w, https:\/\/bequeen.hu\/wp-content\/uploads\/2020\/02\/DSC_6269.jpg 1181w\" sizes=\"auto, (max-width: 682px) 100vw, 682px\" \/><\/a><\/figure><div class=\"wp-block-media-text__content\">\n<p class=\"has-text-color has-large-font-size\" style=\"color:#8e0e99\"><a href=\"https:\/\/bequeen.hu\/en\/arcfestes\/\">Face painting<\/a><\/p>\n<\/div><\/div>","protected":false},"excerpt":{"rendered":"<p>Menyasszonyi smink Menyasszonyi pr\u00f3basmink Alkalmi smink Werk Csill\u00e1mtetov\u00e1l\u00e1s Arcfest\u00e9s<\/p>","protected":false},"author":1,"featured_media":0,"parent":0,"menu_order":0,"comment_status":"closed","ping_status":"closed","template":"","meta":{"_monsterinsights_skip_tracking":false,"_monsterinsights_sitenote_active":false,"_monsterinsights_sitenote_note":"","_monsterinsights_sitenote_category":0,"ngg_post_thumbnail":0,"footnotes":""},"class_list":["post-187","page","type-page","status-publish","hentry"],"yoast_head":"<!-- This site is optimized with the Yoast SEO plugin v27.4 - https:\/\/yoast.com\/product\/yoast-seo-wordpress\/ -->\n<title>Munk\u00e1im - Be Queen Makeup<\/title>\n<meta name=\"description\" content=\"Menyasszonyi smink, alkalmi smink, arcfest\u00e9s, csill\u00e1mtetov\u00e1l\u00e1s munk\u00e1im bemutat\u00e1sa k\u00e9pekben.\" \/>\n<meta name=\"robots\" content=\"index, follow, max-snippet:-1, max-image-preview:large, max-video-preview:-1\" \/>\n<link rel=\"canonical\" href=\"https:\/\/bequeen.hu\/en\/munkaim-smin\/\" \/>\n<meta property=\"og:locale\" content=\"en_US\" \/>\n<meta property=\"og:type\" content=\"article\" \/>\n<meta property=\"og:title\" content=\"Munk\u00e1im - Be Queen Makeup\" \/>\n<meta property=\"og:description\" content=\"Menyasszonyi smink, alkalmi smink, arcfest\u00e9s, csill\u00e1mtetov\u00e1l\u00e1s munk\u00e1im bemutat\u00e1sa k\u00e9pekben.\" \/>\n<meta property=\"og:url\" content=\"https:\/\/bequeen.hu\/en\/munkaim-smin\/\" \/>\n<meta property=\"og:site_name\" content=\"Be Queen Makeup\" \/>\n<meta property=\"article:modified_time\" content=\"2021-03-09T19:31:48+00:00\" \/>\n<meta property=\"og:image\" content=\"http:\/\/bequeen.hu\/wp-content\/uploads\/2020\/02\/53863016_380527929165511_4722238850288582656_o-1.jpg\" \/>\n<meta name=\"twitter:card\" content=\"summary_large_image\" \/>\n<meta name=\"twitter:label1\" content=\"Est. reading time\" \/>\n\t<meta name=\"twitter:data1\" content=\"2 minutes\" \/>\n<script type=\"application\/ld+json\" class=\"yoast-schema-graph\">{\"@context\":\"https:\\\/\\\/schema.org\",\"@graph\":[{\"@type\":\"WebPage\",\"@id\":\"https:\\\/\\\/bequeen.hu\\\/munkaim-smin\\\/\",\"url\":\"https:\\\/\\\/bequeen.hu\\\/munkaim-smin\\\/\",\"name\":\"Munk\u00e1im - Be Queen Makeup\",\"isPartOf\":{\"@id\":\"https:\\\/\\\/bequeen.hu\\\/#website\"},\"primaryImageOfPage\":{\"@id\":\"https:\\\/\\\/bequeen.hu\\\/munkaim-smin\\\/#primaryimage\"},\"image\":{\"@id\":\"https:\\\/\\\/bequeen.hu\\\/munkaim-smin\\\/#primaryimage\"},\"thumbnailUrl\":\"http:\\\/\\\/bequeen.hu\\\/wp-content\\\/uploads\\\/2020\\\/02\\\/53863016_380527929165511_4722238850288582656_o-1.jpg\",\"datePublished\":\"2020-02-23T17:49:50+00:00\",\"dateModified\":\"2021-03-09T19:31:48+00:00\",\"description\":\"Menyasszonyi smink, alkalmi smink, arcfest\u00e9s, csill\u00e1mtetov\u00e1l\u00e1s munk\u00e1im bemutat\u00e1sa k\u00e9pekben.\",\"breadcrumb\":{\"@id\":\"https:\\\/\\\/bequeen.hu\\\/munkaim-smin\\\/#breadcrumb\"},\"inLanguage\":\"en-US\",\"potentialAction\":[{\"@type\":\"ReadAction\",\"target\":[\"https:\\\/\\\/bequeen.hu\\\/munkaim-smin\\\/\"]}]},{\"@type\":\"ImageObject\",\"inLanguage\":\"en-US\",\"@id\":\"https:\\\/\\\/bequeen.hu\\\/munkaim-smin\\\/#primaryimage\",\"url\":\"http:\\\/\\\/bequeen.hu\\\/wp-content\\\/uploads\\\/2020\\\/02\\\/53863016_380527929165511_4722238850288582656_o-1.jpg\",\"contentUrl\":\"http:\\\/\\\/bequeen.hu\\\/wp-content\\\/uploads\\\/2020\\\/02\\\/53863016_380527929165511_4722238850288582656_o-1.jpg\"},{\"@type\":\"BreadcrumbList\",\"@id\":\"https:\\\/\\\/bequeen.hu\\\/munkaim-smin\\\/#breadcrumb\",\"itemListElement\":[{\"@type\":\"ListItem\",\"position\":1,\"name\":\"Home\",\"item\":\"https:\\\/\\\/bequeen.hu\\\/\"},{\"@type\":\"ListItem\",\"position\":2,\"name\":\"Munk\u00e1im\"}]},{\"@type\":\"WebSite\",\"@id\":\"https:\\\/\\\/bequeen.hu\\\/#website\",\"url\":\"https:\\\/\\\/bequeen.hu\\\/\",\"name\":\"Be Queen Makeup\",\"description\":\"Sz\u00edntan\u00e1csad\u00e1s, menyasszonyi \u00e9s alkalmi sminkek\",\"potentialAction\":[{\"@type\":\"SearchAction\",\"target\":{\"@type\":\"EntryPoint\",\"urlTemplate\":\"https:\\\/\\\/bequeen.hu\\\/?s={search_term_string}\"},\"query-input\":{\"@type\":\"PropertyValueSpecification\",\"valueRequired\":true,\"valueName\":\"search_term_string\"}}],\"inLanguage\":\"en-US\"}]}<\/script>\n<!-- \/ Yoast SEO plugin. -->","yoast_head_json":{"title":"Munk\u00e1im - Be Queen Makeup","description":"Menyasszonyi smink, alkalmi smink, arcfest\u00e9s, csill\u00e1mtetov\u00e1l\u00e1s munk\u00e1im bemutat\u00e1sa k\u00e9pekben.","robots":{"index":"index","follow":"follow","max-snippet":"max-snippet:-1","max-image-preview":"max-image-preview:large","max-video-preview":"max-video-preview:-1"},"canonical":"https:\/\/bequeen.hu\/en\/munkaim-smin\/","og_locale":"en_US","og_type":"article","og_title":"Munk\u00e1im - Be Queen Makeup","og_description":"Menyasszonyi smink, alkalmi smink, arcfest\u00e9s, csill\u00e1mtetov\u00e1l\u00e1s munk\u00e1im bemutat\u00e1sa k\u00e9pekben.","og_url":"https:\/\/bequeen.hu\/en\/munkaim-smin\/","og_site_name":"Be Queen Makeup","article_modified_time":"2021-03-09T19:31:48+00:00","og_image":[{"url":"http:\/\/bequeen.hu\/wp-content\/uploads\/2020\/02\/53863016_380527929165511_4722238850288582656_o-1.jpg","type":"","width":"","height":""}],"twitter_card":"summary_large_image","twitter_misc":{"Est. reading time":"2 minutes"},"schema":{"@context":"https:\/\/schema.org","@graph":[{"@type":"WebPage","@id":"https:\/\/bequeen.hu\/munkaim-smin\/","url":"https:\/\/bequeen.hu\/munkaim-smin\/","name":"Munk\u00e1im - Be Queen Makeup","isPartOf":{"@id":"https:\/\/bequeen.hu\/#website"},"primaryImageOfPage":{"@id":"https:\/\/bequeen.hu\/munkaim-smin\/#primaryimage"},"image":{"@id":"https:\/\/bequeen.hu\/munkaim-smin\/#primaryimage"},"thumbnailUrl":"http:\/\/bequeen.hu\/wp-content\/uploads\/2020\/02\/53863016_380527929165511_4722238850288582656_o-1.jpg","datePublished":"2020-02-23T17:49:50+00:00","dateModified":"2021-03-09T19:31:48+00:00","description":"Menyasszonyi smink, alkalmi smink, arcfest\u00e9s, csill\u00e1mtetov\u00e1l\u00e1s munk\u00e1im bemutat\u00e1sa k\u00e9pekben.","breadcrumb":{"@id":"https:\/\/bequeen.hu\/munkaim-smin\/#breadcrumb"},"inLanguage":"en-US","potentialAction":[{"@type":"ReadAction","target":["https:\/\/bequeen.hu\/munkaim-smin\/"]}]},{"@type":"ImageObject","inLanguage":"en-US","@id":"https:\/\/bequeen.hu\/munkaim-smin\/#primaryimage","url":"http:\/\/bequeen.hu\/wp-content\/uploads\/2020\/02\/53863016_380527929165511_4722238850288582656_o-1.jpg","contentUrl":"http:\/\/bequeen.hu\/wp-content\/uploads\/2020\/02\/53863016_380527929165511_4722238850288582656_o-1.jpg"},{"@type":"BreadcrumbList","@id":"https:\/\/bequeen.hu\/munkaim-smin\/#breadcrumb","itemListElement":[{"@type":"ListItem","position":1,"name":"Home","item":"https:\/\/bequeen.hu\/"},{"@type":"ListItem","position":2,"name":"Munk\u00e1im"}]},{"@type":"WebSite","@id":"https:\/\/bequeen.hu\/#website","url":"https:\/\/bequeen.hu\/","name":"Be Queen Makeup","description":"Sz\u00edntan\u00e1csad\u00e1s, menyasszonyi \u00e9s alkalmi sminkek","potentialAction":[{"@type":"SearchAction","target":{"@type":"EntryPoint","urlTemplate":"https:\/\/bequeen.hu\/?s={search_term_string}"},"query-input":{"@type":"PropertyValueSpecification","valueRequired":true,"valueName":"search_term_string"}}],"inLanguage":"en-US"}]}},"_links":{"self":[{"href":"https:\/\/bequeen.hu\/en\/wp-json\/wp\/v2\/pages\/187","targetHints":{"allow":["GET"]}}],"collection":[{"href":"https:\/\/bequeen.hu\/en\/wp-json\/wp\/v2\/pages"}],"about":[{"href":"https:\/\/bequeen.hu\/en\/wp-json\/wp\/v2\/types\/page"}],"author":[{"embeddable":true,"href":"https:\/\/bequeen.hu\/en\/wp-json\/wp\/v2\/users\/1"}],"replies":[{"embeddable":true,"href":"https:\/\/bequeen.hu\/en\/wp-json\/wp\/v2\/comments?post=187"}],"version-history":[{"count":6,"href":"https:\/\/bequeen.hu\/en\/wp-json\/wp\/v2\/pages\/187\/revisions"}],"predecessor-version":[{"id":1109,"href":"https:\/\/bequeen.hu\/en\/wp-json\/wp\/v2\/pages\/187\/revisions\/1109"}],"wp:attachment":[{"href":"https:\/\/bequeen.hu\/en\/wp-json\/wp\/v2\/media?parent=187"}],"curies":[{"name":"wp","href":"https:\/\/api.w.org\/{rel}","templated":true}]}}